{"id":189,"date":"2018-09-23T19:52:52","date_gmt":"2018-09-23T22:52:52","guid":{"rendered":"https:\/\/gupea.ufpr.br\/?page_id=189"},"modified":"2018-10-06T17:54:38","modified_gmt":"2018-10-06T20:54:38","slug":"lideres-do-grupo-cnpq","status":"publish","type":"page","link":"https:\/\/gupea.ufpr.br\/?page_id=189","title":{"rendered":"L\u00edderes do grupo CNPQ"},"content":{"rendered":"<p><strong>L\u00edderes do grupo CNPQ<\/strong><\/p>\n<p style=\"text-align: left;\"><strong><span style=\"color: #339966;\">Profa. Dra. Sandra Patricia Crispim\u00a0 \u00a0 \u00a0 <a href=\"http:\/\/lattes.cnpq.br\/4834729128086419\"><img loading=\"lazy\" decoding=\"async\" class=\"alignnone wp-image-241 \" src=\"https:\/\/gupea.ufpr.br\/wp-content\/uploads\/2018\/09\/icon_Lattest-e1537746987537.png\" alt=\"\" width=\"18\" height=\"18\" \/><\/a>\u00a0 \u00a0 \u00a0 \u00a0 \u00a0 \u00a0 \u00a0 \u00a0 \u00a0<\/span><\/strong><\/p>\n<p style=\"text-align: left;\">\u00a0<img loading=\"lazy\" decoding=\"async\" class=\"alignnone size-full wp-image-181\" src=\"https:\/\/gupea.ufpr.br\/wp-content\/uploads\/2018\/09\/sandra.jpg\" alt=\"\" width=\"200\" height=\"200\" srcset=\"https:\/\/gupea.ufpr.br\/wp-content\/uploads\/2018\/09\/sandra.jpg 200w, https:\/\/gupea.ufpr.br\/wp-content\/uploads\/2018\/09\/sandra-150x150.jpg 150w, https:\/\/gupea.ufpr.br\/wp-content\/uploads\/2018\/09\/sandra-100x100.jpg 100w\" sizes=\"auto, (max-width: 200px) 100vw, 200px\" \/><\/p>\n<p style=\"text-align: left;\">Atua na \u00e1rea de epidemiologia nutricional, com \u00eanfase no estudo de m\u00e9todos para avaliar o consumo alimentar em estudos populacionais. Concluiu o doutorado em Nutri\u00e7\u00e3o Humana pela Universidade de Wageningen na Holanda em 2011, o mestrado em Ci\u00eancia da Nutri\u00e7\u00e3o pela Universidade Federal de Vi\u00e7osa em 2004. Parte do seu doutorado foi feito no Instituto Nacional de Pesquisa em Alimenta\u00e7\u00e3o e Nutri\u00e7\u00e3o (INRAN) em Roma na It\u00e1lia e na Ag\u00eancia Internacional para Pesquisa em C\u00e2ncer (WHO-IARC) em Lyon na Fran\u00e7a. Foi p\u00f3s-doutoranda no IARC e na USP, auxiliando no desenvolvimento do recordat\u00f3rio 24 horas computadorizado GloboDiet. Atualmente, \u00e9 professora adjunta no Departamento de Nutri\u00e7\u00e3o da Universidade Federal do Paran\u00e1, atuando tamb\u00e9m no Programa de P\u00f3s Gradua\u00e7\u00e3o em Alimenta\u00e7\u00e3o e Nutri\u00e7\u00e3o e na Resid\u00eancia Multiprofissional em Sa\u00fade da Fam\u00edlia.<span class=\"texto\">\u00a0<\/span><\/p>\n<p><span style=\"color: #339966;\"><strong>Profa. Dra. Claudia Choma Bettega Almeida\u00a0 \u00a0\u00a0<a href=\"http:\/\/lattes.cnpq.br\/3305960081817580\"><img loading=\"lazy\" decoding=\"async\" class=\"alignnone wp-image-241 size-full\" src=\"https:\/\/gupea.ufpr.br\/wp-content\/uploads\/2018\/09\/icon_Lattest-e1537746987537.png\" alt=\"\" width=\"20\" height=\"20\" \/><\/a> \u00a0 \u00a0 \u00a0 \u00a0 \u00a0 \u00a0 \u00a0 \u00a0 \u00a0 \u00a0 \u00a0 \u00a0 \u00a0 \u00a0 \u00a0 \u00a0 \u00a0 \u00a0 \u00a0 \u00a0 \u00a0 <\/strong><\/span><\/p>\n<p><img loading=\"lazy\" decoding=\"async\" class=\"alignnone size-full wp-image-180\" src=\"https:\/\/gupea.ufpr.br\/wp-content\/uploads\/2018\/09\/choma.jpg\" alt=\"\" width=\"225\" height=\"225\" srcset=\"https:\/\/gupea.ufpr.br\/wp-content\/uploads\/2018\/09\/choma.jpg 225w, https:\/\/gupea.ufpr.br\/wp-content\/uploads\/2018\/09\/choma-150x150.jpg 150w, https:\/\/gupea.ufpr.br\/wp-content\/uploads\/2018\/09\/choma-100x100.jpg 100w\" sizes=\"auto, (max-width: 225px) 100vw, 225px\" \/><\/p>\n<p>Possui gradua\u00e7\u00e3o em Nutri\u00e7\u00e3o pela Universidade Federal do Paran\u00e1 (1989) , especializa\u00e7\u00e3o em Nutri\u00e7\u00e3o Clinica (1992) , doutorado em Meio Ambiente e Desenvolvimento pela Universidade Federal do Paran\u00e1 (2004) e p\u00f3s-doutorado pela International Agency for Research on Cancer (IARC\/WHO) (2017). Atualmente \u00e9 professora associada do Departamento de Nutri\u00e7\u00e3o e professora permanente do Programa de P\u00f3s-gradua\u00e7\u00e3o em Alimenta\u00e7\u00e3o e Nutri\u00e7\u00e3o da Universidade Federal do Paran\u00e1. Tem experi\u00eancia na \u00e1rea de Nutri\u00e7\u00e3o, com \u00eanfase em Diagn\u00f3stico Nutricional de Coletividades, atuando principalmente nos seguintes temas: nutri\u00e7\u00e3o durante a gesta\u00e7\u00e3o, nutri\u00e7\u00e3o infantil, consumo alimentar de crian\u00e7as, aleitamento materno, alimenta\u00e7\u00e3o complementar e nutri\u00e7\u00e3o na adolesc\u00eancia<span class=\"texto\">.<\/span><\/p>\n","protected":false},"excerpt":{"rendered":"<p>L\u00edderes do grupo CNPQ Profa. Dra. Sandra Patricia Crispim\u00a0 \u00a0 \u00a0 \u00a0 \u00a0 \u00a0 \u00a0 \u00a0 \u00a0 \u00a0 \u00a0 \u00a0 \u00a0 Atua na \u00e1rea de epidemiologia nutricional, com \u00eanfase no estudo de m\u00e9todos para avaliar o consumo alimentar em estudos populacionais. Concluiu o doutorado em Nutri\u00e7\u00e3o Humana pela Universidade de Wageningen na Holanda em 2011, &hellip; <\/p>\n<p class=\"link-more\"><a href=\"https:\/\/gupea.ufpr.br\/?page_id=189\" class=\"more-link\">Continue lendo<span class=\"screen-reader-text\"> &#8220;L\u00edderes do grupo CNPQ&#8221;<\/span><\/a><\/p>\n","protected":false},"author":1,"featured_media":0,"parent":0,"menu_order":0,"comment_status":"closed","ping_status":"closed","template":"","meta":{"footnotes":""},"class_list":["post-189","page","type-page","status-publish","hentry"],"_links":{"self":[{"href":"https:\/\/gupea.ufpr.br\/index.php?rest_route=\/wp\/v2\/pages\/189","targetHints":{"allow":["GET"]}}],"collection":[{"href":"https:\/\/gupea.ufpr.br\/index.php?rest_route=\/wp\/v2\/pages"}],"about":[{"href":"https:\/\/gupea.ufpr.br\/index.php?rest_route=\/wp\/v2\/types\/page"}],"author":[{"embeddable":true,"href":"https:\/\/gupea.ufpr.br\/index.php?rest_route=\/wp\/v2\/users\/1"}],"replies":[{"embeddable":true,"href":"https:\/\/gupea.ufpr.br\/index.php?rest_route=%2Fwp%2Fv2%2Fcomments&post=189"}],"version-history":[{"count":9,"href":"https:\/\/gupea.ufpr.br\/index.php?rest_route=\/wp\/v2\/pages\/189\/revisions"}],"predecessor-version":[{"id":303,"href":"https:\/\/gupea.ufpr.br\/index.php?rest_route=\/wp\/v2\/pages\/189\/revisions\/303"}],"wp:attachment":[{"href":"https:\/\/gupea.ufpr.br\/index.php?rest_route=%2Fwp%2Fv2%2Fmedia&parent=189"}],"curies":[{"name":"wp","href":"https:\/\/api.w.org\/{rel}","templated":true}]}}