{"id":19,"date":"2018-07-05T07:55:53","date_gmt":"2018-07-05T07:55:53","guid":{"rendered":"https:\/\/gupea.ufpr.br\/?page_id=19"},"modified":"2024-10-10T23:28:06","modified_gmt":"2024-10-11T02:28:06","slug":"contact","status":"publish","type":"page","link":"https:\/\/gupea.ufpr.br\/?page_id=19","title":{"rendered":"Recursos visuais para auxiliar a avalia\u00e7\u00e3o do consumo alimentar"},"content":{"rendered":"<p><strong><a href=\"https:\/\/gupea.ufpr.br\/wp-content\/uploads\/2024\/10\/Manual_Infatil_Quantifica\u00e7\u00e3o_Escolar.pdf\">Download Manual_Infantil_Quantifica\u00e7\u00e3o_Escolar<\/a><\/strong><\/p>\n<p><img loading=\"lazy\" decoding=\"async\" class=\"alignnone wp-image-878 size-full\" src=\"https:\/\/gupea.ufpr.br\/wp-content\/uploads\/2024\/10\/Manual.png\" alt=\"\" width=\"662\" height=\"943\" srcset=\"https:\/\/gupea.ufpr.br\/wp-content\/uploads\/2024\/10\/Manual.png 662w, https:\/\/gupea.ufpr.br\/wp-content\/uploads\/2024\/10\/Manual-211x300.png 211w\" sizes=\"auto, (max-width: 662px) 100vw, 662px\" \/><\/p>\n<p><strong><a href=\"https:\/\/www.dropbox.com\/s\/ab4d4bx47k8ot4z\/Manual%20quantifica%C3%A7%C3%A3o%20alimentar%20infantil%20baixa%20resolu%C3%A7%C3%A3o.pdf?dl=0\">Download arquivo baixa resolu\u00e7\u00e3o<\/a><\/strong><\/p>\n<p><strong><a href=\"https:\/\/www.dropbox.com\/s\/xlwcnknv7vo0qqr\/Manual%20quantifica%C3%A7%C3%A3o%20alimentar%20infantil%20alta%20resolu%C3%A7%C3%A3o.pdf?dl=0\">Download arquivo alta resolu\u00e7\u00e3o<\/a><\/strong><\/p>\n<p><a href=\"https:\/\/www.dropbox.com\/s\/n25bpsawn6m12wq\/ALBUM%20quantifica%C3%A7%C3%A3o%20alimentar.pdf?dl=0\"><strong><img loading=\"lazy\" decoding=\"async\" class=\"alignnone wp-image-297\" src=\"https:\/\/gupea.ufpr.br\/wp-content\/uploads\/2018\/09\/Capa-Globodiet-1-724x1024.jpg\" alt=\"\" width=\"450\" height=\"636\" srcset=\"https:\/\/gupea.ufpr.br\/wp-content\/uploads\/2018\/09\/Capa-Globodiet-1-724x1024.jpg 724w, https:\/\/gupea.ufpr.br\/wp-content\/uploads\/2018\/09\/Capa-Globodiet-1-212x300.jpg 212w, https:\/\/gupea.ufpr.br\/wp-content\/uploads\/2018\/09\/Capa-Globodiet-1-768x1086.jpg 768w, https:\/\/gupea.ufpr.br\/wp-content\/uploads\/2018\/09\/Capa-Globodiet-1.jpg 1654w\" sizes=\"auto, (max-width: 450px) 100vw, 450px\" \/>Download<\/strong>: Manual de quantifica\u00e7\u00e3o alimentar 2017<\/a><\/p>\n<p><img loading=\"lazy\" decoding=\"async\" class=\"alignnone wp-image-603 size-full\" src=\"https:\/\/gupea.ufpr.br\/wp-content\/uploads\/2019\/07\/ecuador.jpg\" alt=\"\" width=\"1196\" height=\"743\" srcset=\"https:\/\/gupea.ufpr.br\/wp-content\/uploads\/2019\/07\/ecuador.jpg 1196w, https:\/\/gupea.ufpr.br\/wp-content\/uploads\/2019\/07\/ecuador-300x186.jpg 300w, https:\/\/gupea.ufpr.br\/wp-content\/uploads\/2019\/07\/ecuador-768x477.jpg 768w, https:\/\/gupea.ufpr.br\/wp-content\/uploads\/2019\/07\/ecuador-1024x636.jpg 1024w\" sizes=\"auto, (max-width: 767px) 89vw, (max-width: 1000px) 54vw, (max-width: 1071px) 543px, 580px\" \/><\/p>\n<p><a href=\"https:\/\/libros.usfq.edu.ec\/index.php\/usfq\/catalog\/view\/19\/19\/71-1\"><strong>Download:<\/strong>\u00a0Manual Fotogr\u00e1fico de Porciones para Cuantificaci\u00f3n Alimentaria del Ecuador 2019<\/a><\/p>\n<p>&nbsp;<\/p>\n<p>&nbsp;<\/p>\n","protected":false},"excerpt":{"rendered":"<p>Download Manual_Infantil_Quantifica\u00e7\u00e3o_Escolar Download arquivo baixa resolu\u00e7\u00e3o Download arquivo alta resolu\u00e7\u00e3o Download: Manual de quantifica\u00e7\u00e3o alimentar 2017 Download:\u00a0Manual Fotogr\u00e1fico de Porciones para Cuantificaci\u00f3n Alimentaria del Ecuador 2019 &nbsp; &nbsp;<\/p>\n","protected":false},"author":1,"featured_media":0,"parent":0,"menu_order":0,"comment_status":"closed","ping_status":"closed","template":"","meta":{"footnotes":""},"class_list":["post-19","page","type-page","status-publish","hentry"],"_links":{"self":[{"href":"https:\/\/gupea.ufpr.br\/index.php?rest_route=\/wp\/v2\/pages\/19","targetHints":{"allow":["GET"]}}],"collection":[{"href":"https:\/\/gupea.ufpr.br\/index.php?rest_route=\/wp\/v2\/pages"}],"about":[{"href":"https:\/\/gupea.ufpr.br\/index.php?rest_route=\/wp\/v2\/types\/page"}],"author":[{"embeddable":true,"href":"https:\/\/gupea.ufpr.br\/index.php?rest_route=\/wp\/v2\/users\/1"}],"replies":[{"embeddable":true,"href":"https:\/\/gupea.ufpr.br\/index.php?rest_route=%2Fwp%2Fv2%2Fcomments&post=19"}],"version-history":[{"count":22,"href":"https:\/\/gupea.ufpr.br\/index.php?rest_route=\/wp\/v2\/pages\/19\/revisions"}],"predecessor-version":[{"id":879,"href":"https:\/\/gupea.ufpr.br\/index.php?rest_route=\/wp\/v2\/pages\/19\/revisions\/879"}],"wp:attachment":[{"href":"https:\/\/gupea.ufpr.br\/index.php?rest_route=%2Fwp%2Fv2%2Fmedia&parent=19"}],"curies":[{"name":"wp","href":"https:\/\/api.w.org\/{rel}","templated":true}]}}