{"id":195,"date":"2018-09-23T19:58:27","date_gmt":"2018-09-23T22:58:27","guid":{"rendered":"https:\/\/gupea.ufpr.br\/?page_id=195"},"modified":"2022-06-28T20:16:41","modified_gmt":"2022-06-28T23:16:41","slug":"quem-somos-2","status":"publish","type":"page","link":"https:\/\/gupea.ufpr.br\/?page_id=195","title":{"rendered":"Quem somos"},"content":{"rendered":"<p><span style=\"color: #339966;\"><strong><a style=\"color: #339966;\" href=\"https:\/\/gupea.ufpr.br\/?page_id=189\">L\u00cdDERES DO GRUPO CNPQ<\/a><\/strong><\/span><\/p>\n<p><span style=\"color: #339966;\"><strong><a style=\"color: #339966;\" href=\"https:\/\/gupea.ufpr.br\/?page_id=199\">PROFESSORES COLABORADORES<\/a><\/strong><\/span><\/p>\n<p><span style=\"color: #339966;\"><strong><a style=\"color: #339966;\" href=\"https:\/\/gupea.ufpr.br\/?page_id=189\">DISCENTES STRICTO SENSU<\/a><\/strong><\/span><\/p>\n<p><span style=\"color: #339966;\"><strong><a style=\"color: #339966;\" href=\"https:\/\/gupea.ufpr.br\/?page_id=189\">DISCENTES LATO SENSU<\/a><\/strong><\/span><\/p>\n<p><span style=\"color: #339966;\"><strong><a style=\"color: #339966;\" href=\"https:\/\/gupea.ufpr.br\/?page_id=256\">DISCENTES GRADUA\u00c7\u00c3O<\/a><\/strong><\/span><\/p>\n<p><span style=\"color: #339966;\"><strong><a style=\"color: #339966;\" href=\"https:\/\/gupea.ufpr.br\/?page_id=189\">DISCENTES ENSINO M\u00c9DIO<\/a><\/strong><\/span><\/p>\n","protected":false},"excerpt":{"rendered":"<p>L\u00cdDERES DO GRUPO CNPQ PROFESSORES COLABORADORES DISCENTES STRICTO SENSU DISCENTES LATO SENSU DISCENTES GRADUA\u00c7\u00c3O DISCENTES ENSINO M\u00c9DIO<\/p>\n","protected":false},"author":1,"featured_media":0,"parent":0,"menu_order":0,"comment_status":"closed","ping_status":"closed","template":"","meta":{"footnotes":""},"class_list":["post-195","page","type-page","status-publish","hentry"],"_links":{"self":[{"href":"https:\/\/gupea.ufpr.br\/index.php?rest_route=\/wp\/v2\/pages\/195","targetHints":{"allow":["GET"]}}],"collection":[{"href":"https:\/\/gupea.ufpr.br\/index.php?rest_route=\/wp\/v2\/pages"}],"about":[{"href":"https:\/\/gupea.ufpr.br\/index.php?rest_route=\/wp\/v2\/types\/page"}],"author":[{"embeddable":true,"href":"https:\/\/gupea.ufpr.br\/index.php?rest_route=\/wp\/v2\/users\/1"}],"replies":[{"embeddable":true,"href":"https:\/\/gupea.ufpr.br\/index.php?rest_route=%2Fwp%2Fv2%2Fcomments&post=195"}],"version-history":[{"count":8,"href":"https:\/\/gupea.ufpr.br\/index.php?rest_route=\/wp\/v2\/pages\/195\/revisions"}],"predecessor-version":[{"id":211,"href":"https:\/\/gupea.ufpr.br\/index.php?rest_route=\/wp\/v2\/pages\/195\/revisions\/211"}],"wp:attachment":[{"href":"https:\/\/gupea.ufpr.br\/index.php?rest_route=%2Fwp%2Fv2%2Fmedia&parent=195"}],"curies":[{"name":"wp","href":"https:\/\/api.w.org\/{rel}","templated":true}]}}