{"id":240,"date":"2018-09-23T20:58:02","date_gmt":"2018-09-23T23:58:02","guid":{"rendered":"https:\/\/gupea.ufpr.br\/?page_id=240"},"modified":"2020-09-20T14:26:39","modified_gmt":"2020-09-20T17:26:39","slug":"discentes-stricto-sensu","status":"publish","type":"page","link":"https:\/\/gupea.ufpr.br\/?page_id=240","title":{"rendered":"Discentes Stricto Sensu"},"content":{"rendered":"<p><strong>Discentes Stricto Sensu<\/strong><\/p>\n<p><strong><span style=\"color: #339966;\">Ana Paula Kulig\u00a0<\/span><\/strong><strong><span style=\"color: #339966;\">\u00a0<a href=\"http:\/\/lattes.cnpq.br\/6439300174956685\">\u00a0<\/a><a href=\"http:\/\/lattes.cnpq.br\/8584544918180834\"><img loading=\"lazy\" decoding=\"async\" class=\"alignnone wp-image-241 size-full\" src=\"https:\/\/gupea.ufpr.br\/wp-content\/uploads\/2018\/09\/icon_Lattest-e1537746987537.png\" alt=\"\" width=\"20\" height=\"20\" \/><\/a><br \/>\n<\/span><\/strong><span style=\"font-size: 1rem;\"><a href=\"http:\/\/www.posnutricao.ufv.br\/\" target=\"_blank\" rel=\"noopener\"><strong><span style=\"color: #339966;\">\u00a0<\/span><\/strong>Universidade Federal do Paran\u00e1 &#8211; <\/a><a href=\"http:\/\/www.saude.ufpr.br\/portal\/pgnutricao\/\">PPGAN<\/a><\/span><\/p>\n<p><img loading=\"lazy\" decoding=\"async\" class=\"alignnone wp-image-755 size-thumbnail\" src=\"https:\/\/gupea.ufpr.br\/wp-content\/uploads\/2020\/09\/ana-paula-150x150.jpg\" alt=\"\" width=\"150\" height=\"150\" srcset=\"https:\/\/gupea.ufpr.br\/wp-content\/uploads\/2020\/09\/ana-paula-150x150.jpg 150w, https:\/\/gupea.ufpr.br\/wp-content\/uploads\/2020\/09\/ana-paula-100x100.jpg 100w\" sizes=\"auto, (max-width: 150px) 100vw, 150px\" \/><\/p>\n<p><strong><span style=\"color: #339966;\">D\u00e9bora Let\u00edcia Frizzi Silva\u00a0<\/span><\/strong><strong><span style=\"color: #339966;\">\u00a0<a href=\"http:\/\/lattes.cnpq.br\/6439300174956685\"><img loading=\"lazy\" decoding=\"async\" class=\"alignnone wp-image-241 size-full\" src=\"https:\/\/gupea.ufpr.br\/wp-content\/uploads\/2018\/09\/icon_Lattest-e1537746987537.png\" alt=\"\" width=\"20\" height=\"20\" \/>\u00a0<\/a><br \/>\n<\/span><\/strong><span style=\"font-size: 1rem;\">Universidade Federal de Vi\u00e7osa &#8211;\u00a0<a href=\"http:\/\/www.posnutricao.ufv.br\/\" target=\"_blank\" rel=\"noopener\">PPGCN<\/a><\/span><\/p>\n<p><img loading=\"lazy\" decoding=\"async\" class=\"alignnone wp-image-252 size-thumbnail\" src=\"https:\/\/gupea.ufpr.br\/wp-content\/uploads\/2018\/09\/debora-150x150.jpg\" alt=\"\" width=\"150\" height=\"150\" srcset=\"https:\/\/gupea.ufpr.br\/wp-content\/uploads\/2018\/09\/debora-150x150.jpg 150w, https:\/\/gupea.ufpr.br\/wp-content\/uploads\/2018\/09\/debora-100x100.jpg 100w\" sizes=\"auto, (max-width: 150px) 100vw, 150px\" \/><\/p>\n<p><strong><span style=\"color: #339966;\">Gabriele Beraldi da Silva\u00a0<a href=\"http:\/\/lattes.cnpq.br\/9240082535725602\">\u00a0<\/a><a href=\"http:\/\/lattes.cnpq.br\/8260090769032486\"><img loading=\"lazy\" decoding=\"async\" class=\"alignnone wp-image-241 size-full\" src=\"https:\/\/gupea.ufpr.br\/wp-content\/uploads\/2018\/09\/icon_Lattest-e1537747232239.png\" alt=\"\" width=\"20\" height=\"20\" \/><\/a>\u00a0 \u00a0 \u00a0 \u00a0 \u00a0 \u00a0 \u00a0 \u00a0 \u00a0 \u00a0 \u00a0 \u00a0 \u00a0 \u00a0 \u00a0 \u00a0 \u00a0 \u00a0 \u00a0 \u00a0 \u00a0 \u00a0 \u00a0 \u00a0 \u00a0 \u00a0 \u00a0 \u00a0 \u00a0 \u00a0 \u00a0 \u00a0 \u00a0 \u00a0 \u00a0 \u00a0 \u00a0 \u00a0 \u00a0 \u00a0 \u00a0 \u00a0 \u00a0 \u00a0<\/span><\/strong><span style=\"font-size: 1rem;\">Universidade Federal do Paran\u00e1 &#8211; <a href=\"http:\/\/www.saude.ufpr.br\/portal\/pgnutricao\/\">PPGAN<\/a><\/span><\/p>\n<p><img loading=\"lazy\" decoding=\"async\" class=\"alignnone wp-image-750 size-thumbnail\" src=\"https:\/\/gupea.ufpr.br\/wp-content\/uploads\/2020\/09\/Gabriele-150x150.jpg\" alt=\"\" width=\"150\" height=\"150\" srcset=\"https:\/\/gupea.ufpr.br\/wp-content\/uploads\/2020\/09\/Gabriele-150x150.jpg 150w, https:\/\/gupea.ufpr.br\/wp-content\/uploads\/2020\/09\/Gabriele-300x300.jpg 300w, https:\/\/gupea.ufpr.br\/wp-content\/uploads\/2020\/09\/Gabriele-768x769.jpg 768w, https:\/\/gupea.ufpr.br\/wp-content\/uploads\/2020\/09\/Gabriele-1024x1024.jpg 1024w, https:\/\/gupea.ufpr.br\/wp-content\/uploads\/2020\/09\/Gabriele-100x100.jpg 100w, https:\/\/gupea.ufpr.br\/wp-content\/uploads\/2020\/09\/Gabriele.jpg 1535w\" sizes=\"auto, (max-width: 150px) 100vw, 150px\" \/><\/p>\n<p><strong><span style=\"color: #339966;\">Glenda Vian da Silva\u00a0 \u00a0<a href=\"http:\/\/lattes.cnpq.br\/1518497253850628\"><img loading=\"lazy\" decoding=\"async\" class=\"alignnone wp-image-241 size-full\" src=\"https:\/\/gupea.ufpr.br\/wp-content\/uploads\/2018\/09\/icon_Lattest-e1537747232239.png\" alt=\"\" width=\"20\" height=\"20\" \/><\/a>\u00a0 \u00a0 \u00a0 \u00a0 \u00a0 \u00a0 \u00a0 \u00a0 \u00a0 \u00a0 \u00a0 \u00a0 \u00a0 \u00a0 \u00a0 \u00a0 \u00a0 \u00a0 \u00a0 \u00a0 \u00a0 \u00a0 \u00a0 \u00a0 \u00a0 \u00a0 \u00a0 \u00a0 \u00a0 \u00a0 \u00a0 \u00a0 \u00a0 \u00a0 \u00a0 \u00a0 \u00a0 \u00a0 \u00a0 \u00a0 \u00a0 \u00a0 \u00a0 \u00a0<\/span><\/strong><span style=\"font-size: 1rem;\">Universidade Federal do Paran\u00e1 &#8211; <a href=\"http:\/\/www.saude.ufpr.br\/portal\/pgnutricao\/\">PPGAN<\/a><\/span><\/p>\n<p><img loading=\"lazy\" decoding=\"async\" class=\"alignnone wp-image-753 size-thumbnail\" src=\"https:\/\/gupea.ufpr.br\/wp-content\/uploads\/2020\/09\/glenda-150x150.jpg\" alt=\"\" width=\"150\" height=\"150\" srcset=\"https:\/\/gupea.ufpr.br\/wp-content\/uploads\/2020\/09\/glenda-150x150.jpg 150w, https:\/\/gupea.ufpr.br\/wp-content\/uploads\/2020\/09\/glenda-100x100.jpg 100w\" sizes=\"auto, (max-width: 150px) 100vw, 150px\" \/><\/p>\n<p><strong><span style=\"color: #339966;\">Ilanna Mirela B J Siqueira<\/span><\/strong><strong style=\"font-size: 1rem;\"><span style=\"color: #339966;\">\u00a0\u00a0<a href=\"http:\/\/lattes.cnpq.br\/1924936353805192\"><img loading=\"lazy\" decoding=\"async\" class=\"alignnone wp-image-241 size-full\" src=\"https:\/\/gupea.ufpr.br\/wp-content\/uploads\/2018\/09\/icon_Lattest-e1537747232239.png\" alt=\"\" width=\"20\" height=\"20\" \/><\/a>\u00a0 \u00a0 \u00a0 \u00a0 \u00a0 \u00a0 \u00a0 \u00a0 \u00a0 \u00a0 \u00a0 \u00a0 \u00a0 \u00a0 \u00a0 \u00a0 \u00a0 \u00a0 \u00a0 \u00a0 \u00a0 \u00a0 \u00a0 \u00a0 \u00a0 \u00a0 \u00a0 \u00a0 \u00a0 \u00a0 \u00a0 \u00a0 \u00a0 \u00a0 \u00a0 \u00a0 \u00a0 \u00a0 \u00a0 \u00a0 \u00a0 \u00a0 \u00a0 \u00a0<\/span><\/strong><span style=\"font-size: 1rem;\">Universidade Federal do Paran\u00e1 &#8211; <a href=\"http:\/\/www.saude.ufpr.br\/portal\/pgnutricao\/\">PPGAN<\/a><\/span><\/p>\n<p><img loading=\"lazy\" decoding=\"async\" class=\"alignnone wp-image-756 size-thumbnail\" src=\"https:\/\/gupea.ufpr.br\/wp-content\/uploads\/2020\/09\/ilana-150x150.jpg\" alt=\"\" width=\"150\" height=\"150\" srcset=\"https:\/\/gupea.ufpr.br\/wp-content\/uploads\/2020\/09\/ilana-150x150.jpg 150w, https:\/\/gupea.ufpr.br\/wp-content\/uploads\/2020\/09\/ilana-100x100.jpg 100w\" sizes=\"auto, (max-width: 150px) 100vw, 150px\" \/><\/p>\n<p><strong><span style=\"color: #339966;\">Larissa Marinho Duarte\u00a0\u00a0<a href=\"http:\/\/lattes.cnpq.br\/9240082535725602\">\u00a0<\/a><a href=\"http:\/\/lattes.cnpq.br\/1992337036374942\"><img loading=\"lazy\" decoding=\"async\" class=\"alignnone wp-image-241 size-full\" src=\"https:\/\/gupea.ufpr.br\/wp-content\/uploads\/2018\/09\/icon_Lattest-e1537747232239.png\" alt=\"\" width=\"20\" height=\"20\" \/><\/a>\u00a0 \u00a0 \u00a0 \u00a0 \u00a0 \u00a0 \u00a0 \u00a0 \u00a0 \u00a0 \u00a0 \u00a0 \u00a0 \u00a0 \u00a0 \u00a0 \u00a0 \u00a0 \u00a0 \u00a0 \u00a0 \u00a0 \u00a0 \u00a0 \u00a0 \u00a0 \u00a0 \u00a0 \u00a0 \u00a0 \u00a0 \u00a0 \u00a0 \u00a0 \u00a0 \u00a0 \u00a0 \u00a0 \u00a0 \u00a0 \u00a0 \u00a0 \u00a0 \u00a0<\/span><\/strong><span style=\"font-size: 1rem;\">Universidade Federal do Paran\u00e1 &#8211; <a href=\"http:\/\/www.saude.ufpr.br\/portal\/pgnutricao\/\">PPGAN<\/a><\/span><\/p>\n<p><img loading=\"lazy\" decoding=\"async\" class=\"alignnone wp-image-749 size-thumbnail\" src=\"https:\/\/gupea.ufpr.br\/wp-content\/uploads\/2020\/09\/larissa-150x150.jpg\" alt=\"\" width=\"150\" height=\"150\" srcset=\"https:\/\/gupea.ufpr.br\/wp-content\/uploads\/2020\/09\/larissa-150x150.jpg 150w, https:\/\/gupea.ufpr.br\/wp-content\/uploads\/2020\/09\/larissa-100x100.jpg 100w\" sizes=\"auto, (max-width: 150px) 100vw, 150px\" \/><\/p>\n<p><strong><span style=\"color: #339966;\">Lenine Maria Garmus\u00a0\u00a0<a href=\"http:\/\/lattes.cnpq.br\/9240082535725602\"><img loading=\"lazy\" decoding=\"async\" class=\"alignnone wp-image-241 size-full\" src=\"https:\/\/gupea.ufpr.br\/wp-content\/uploads\/2018\/09\/icon_Lattest-e1537746987537.png\" alt=\"\" width=\"20\" height=\"20\" \/>\u00a0<\/a>\u00a0 \u00a0 \u00a0 \u00a0 \u00a0 \u00a0 \u00a0 \u00a0 \u00a0 \u00a0 \u00a0 \u00a0 \u00a0 \u00a0 \u00a0 \u00a0 \u00a0 \u00a0 \u00a0 \u00a0 \u00a0 \u00a0 \u00a0 \u00a0 \u00a0 \u00a0 \u00a0 \u00a0 \u00a0 \u00a0 \u00a0 \u00a0 \u00a0 \u00a0 \u00a0 \u00a0 \u00a0 \u00a0 \u00a0 \u00a0 \u00a0 \u00a0 \u00a0 \u00a0<\/span><\/strong><span style=\"font-size: 1rem;\">Universidade Federal do Paran\u00e1 &#8211; <a href=\"http:\/\/www.saude.ufpr.br\/portal\/pgnutricao\/\">PPGAN<\/a><\/span><\/p>\n<p><img loading=\"lazy\" decoding=\"async\" class=\"alignnone wp-image-247 size-thumbnail\" src=\"https:\/\/gupea.ufpr.br\/wp-content\/uploads\/2018\/09\/lenine-150x150.jpg\" alt=\"\" width=\"150\" height=\"150\" srcset=\"https:\/\/gupea.ufpr.br\/wp-content\/uploads\/2018\/09\/lenine-150x150.jpg 150w, https:\/\/gupea.ufpr.br\/wp-content\/uploads\/2018\/09\/lenine-100x100.jpg 100w\" sizes=\"auto, (max-width: 150px) 100vw, 150px\" \/><\/p>\n<p><strong><span style=\"color: #339966;\">Lu\u00edza Buzatto Schemiko\u00a0\u00a0<a href=\"http:\/\/lattes.cnpq.br\/2385597259180482\"><img loading=\"lazy\" decoding=\"async\" class=\"alignnone wp-image-241 size-full\" src=\"https:\/\/gupea.ufpr.br\/wp-content\/uploads\/2018\/09\/icon_Lattest-e1537746987537.png\" alt=\"\" width=\"20\" height=\"20\" \/>\u00a0 <\/a>\u00a0 \u00a0 \u00a0 \u00a0 \u00a0 \u00a0 \u00a0 \u00a0 \u00a0 \u00a0 \u00a0 \u00a0 \u00a0 \u00a0 \u00a0 \u00a0 \u00a0 \u00a0 \u00a0 \u00a0 \u00a0 \u00a0 \u00a0 \u00a0 \u00a0 \u00a0 \u00a0 \u00a0 \u00a0 \u00a0 \u00a0 \u00a0 \u00a0 \u00a0 \u00a0 \u00a0 \u00a0 \u00a0 \u00a0 \u00a0<\/span><\/strong><span style=\"font-size: 1rem;\">Universidade Federal do Paran\u00e1 &#8211; <a href=\"http:\/\/www.saude.ufpr.br\/portal\/pgnutricao\/\">PPGAN<\/a><\/span><\/p>\n<p><img loading=\"lazy\" decoding=\"async\" class=\"alignnone wp-image-309 size-thumbnail\" src=\"https:\/\/gupea.ufpr.br\/wp-content\/uploads\/2018\/10\/luiza-150x150.jpg\" alt=\"\" width=\"150\" height=\"150\" srcset=\"https:\/\/gupea.ufpr.br\/wp-content\/uploads\/2018\/10\/luiza-150x150.jpg 150w, https:\/\/gupea.ufpr.br\/wp-content\/uploads\/2018\/10\/luiza-300x300.jpg 300w, https:\/\/gupea.ufpr.br\/wp-content\/uploads\/2018\/10\/luiza-100x100.jpg 100w, https:\/\/gupea.ufpr.br\/wp-content\/uploads\/2018\/10\/luiza.jpg 376w\" sizes=\"auto, (max-width: 150px) 100vw, 150px\" \/><\/p>\n<p><strong><span style=\"color: #339966;\">Vanessa Cardozo Mendes Elias \u00a0<a href=\"http:\/\/lattes.cnpq.br\/3126310904678839\"><img loading=\"lazy\" decoding=\"async\" class=\"alignnone wp-image-241 size-full\" src=\"https:\/\/gupea.ufpr.br\/wp-content\/uploads\/2018\/09\/icon_Lattest-e1537746987537.png\" alt=\"\" width=\"20\" height=\"20\" \/>\u00a0<\/a>\u00a0 \u00a0 \u00a0 \u00a0 \u00a0 \u00a0 \u00a0 \u00a0 \u00a0 \u00a0 \u00a0 \u00a0 \u00a0 \u00a0 \u00a0 \u00a0 \u00a0 \u00a0 \u00a0 \u00a0 \u00a0 \u00a0 \u00a0 \u00a0 \u00a0 \u00a0 \u00a0 \u00a0 \u00a0 \u00a0 \u00a0 \u00a0 \u00a0<\/span><\/strong><span style=\"font-size: 1rem;\">Universidade Federal do Paran\u00e1 &#8211; <a href=\"http:\/\/www.saude.ufpr.br\/portal\/pgnutricao\/\">PPGAN<\/a><\/span><\/p>\n<p><img loading=\"lazy\" decoding=\"async\" class=\"alignnone wp-image-248 size-thumbnail\" src=\"https:\/\/gupea.ufpr.br\/wp-content\/uploads\/2018\/09\/vanessa-150x150.jpg\" alt=\"\" width=\"150\" height=\"150\" srcset=\"https:\/\/gupea.ufpr.br\/wp-content\/uploads\/2018\/09\/vanessa-150x150.jpg 150w, https:\/\/gupea.ufpr.br\/wp-content\/uploads\/2018\/09\/vanessa-300x300.jpg 300w, https:\/\/gupea.ufpr.br\/wp-content\/uploads\/2018\/09\/vanessa-100x100.jpg 100w, https:\/\/gupea.ufpr.br\/wp-content\/uploads\/2018\/09\/vanessa.jpg 640w\" sizes=\"auto, (max-width: 150px) 100vw, 150px\" \/><\/p>\n<p><strong><span style=\"color: #339966;\">Vanessa Schrubbe\u00a0\u00a0<a href=\"http:\/\/lattes.cnpq.br\/3126310904678839\">\u00a0<\/a><a href=\" http:\/\/lattes.cnpq.br\/6623038752869177\"><img loading=\"lazy\" decoding=\"async\" class=\"alignnone wp-image-241 size-full\" src=\"https:\/\/gupea.ufpr.br\/wp-content\/uploads\/2018\/09\/icon_Lattest-e1537747232239.png\" alt=\"\" width=\"20\" height=\"20\" \/><\/a>\u00a0 \u00a0 \u00a0 \u00a0 \u00a0 \u00a0 \u00a0 \u00a0 \u00a0 \u00a0 \u00a0 \u00a0 \u00a0 \u00a0 \u00a0 \u00a0 \u00a0 \u00a0 \u00a0 \u00a0 \u00a0 \u00a0 \u00a0 \u00a0 \u00a0 \u00a0 \u00a0 \u00a0 \u00a0 \u00a0 \u00a0 \u00a0 \u00a0 \u00a0 \u00a0 \u00a0 \u00a0 \u00a0 \u00a0 \u00a0 \u00a0 \u00a0 \u00a0 \u00a0 \u00a0 \u00a0 \u00a0 <\/span><\/strong><span style=\"font-size: 1rem;\">Universidade Federal do Paran\u00e1 &#8211; <a href=\"http:\/\/www.saude.ufpr.br\/portal\/pgnutricao\/\">PPGAN<\/a><\/span><\/p>\n<p><img loading=\"lazy\" decoding=\"async\" class=\"alignnone wp-image-752 size-thumbnail\" src=\"https:\/\/gupea.ufpr.br\/wp-content\/uploads\/2020\/09\/vanessa-150x150.jpg\" alt=\"\" width=\"150\" height=\"150\" srcset=\"https:\/\/gupea.ufpr.br\/wp-content\/uploads\/2020\/09\/vanessa-150x150.jpg 150w, https:\/\/gupea.ufpr.br\/wp-content\/uploads\/2020\/09\/vanessa-298x300.jpg 298w, https:\/\/gupea.ufpr.br\/wp-content\/uploads\/2020\/09\/vanessa-768x774.jpg 768w, https:\/\/gupea.ufpr.br\/wp-content\/uploads\/2020\/09\/vanessa-100x100.jpg 100w, https:\/\/gupea.ufpr.br\/wp-content\/uploads\/2020\/09\/vanessa.jpg 953w\" sizes=\"auto, (max-width: 150px) 100vw, 150px\" \/><\/p>\n<p><strong><span style=\"color: #339966;\">Thais Guastalle\u00a0\u00a0<a href=\"http:\/\/lattes.cnpq.br\/3126310904678839\">\u00a0<\/a><a href=\" http:\/\/lattes.cnpq.br\/5870744784625214\"><img loading=\"lazy\" decoding=\"async\" class=\"alignnone wp-image-241 size-full\" src=\"https:\/\/gupea.ufpr.br\/wp-content\/uploads\/2018\/09\/icon_Lattest-e1537747232239.png\" alt=\"\" width=\"20\" height=\"20\" \/><\/a>\u00a0 \u00a0 \u00a0 \u00a0 \u00a0 \u00a0 \u00a0 \u00a0 \u00a0 \u00a0 \u00a0 \u00a0 \u00a0 \u00a0 \u00a0 \u00a0 \u00a0 \u00a0 \u00a0 \u00a0 \u00a0 \u00a0 \u00a0 \u00a0 \u00a0 \u00a0 \u00a0 \u00a0 \u00a0 \u00a0 \u00a0 \u00a0 \u00a0 \u00a0 \u00a0 \u00a0 \u00a0 \u00a0 \u00a0 \u00a0 \u00a0 \u00a0 \u00a0 \u00a0 \u00a0 \u00a0 \u00a0 \u00a0 \u00a0 \u00a0 \u00a0<\/span><\/strong><span style=\"font-size: 1rem;\">Universidade Federal do Paran\u00e1 &#8211; <a href=\"http:\/\/www.saude.ufpr.br\/portal\/pgnutricao\/\">PPGAN<\/a><\/span><\/p>\n<p><img loading=\"lazy\" decoding=\"async\" class=\"alignnone wp-image-754 size-thumbnail\" src=\"https:\/\/gupea.ufpr.br\/wp-content\/uploads\/2020\/09\/Thaus-150x150.jpg\" alt=\"\" width=\"150\" height=\"150\" srcset=\"https:\/\/gupea.ufpr.br\/wp-content\/uploads\/2020\/09\/Thaus-150x150.jpg 150w, https:\/\/gupea.ufpr.br\/wp-content\/uploads\/2020\/09\/Thaus-100x100.jpg 100w\" sizes=\"auto, (max-width: 150px) 100vw, 150px\" \/><\/p>\n<p>&nbsp;<\/p>\n<p>&nbsp;<\/p>\n<p>&nbsp;<\/p>\n","protected":false},"excerpt":{"rendered":"<p>Discentes Stricto Sensu Ana Paula Kulig\u00a0\u00a0\u00a0 \u00a0Universidade Federal do Paran\u00e1 &#8211; PPGAN D\u00e9bora Let\u00edcia Frizzi Silva\u00a0\u00a0\u00a0 Universidade Federal de Vi\u00e7osa &#8211;\u00a0PPGCN Gabriele Beraldi da Silva\u00a0\u00a0\u00a0 \u00a0 \u00a0 \u00a0 \u00a0 \u00a0 \u00a0 \u00a0 \u00a0 \u00a0 \u00a0 \u00a0 \u00a0 \u00a0 \u00a0 \u00a0 \u00a0 \u00a0 \u00a0 \u00a0 \u00a0 \u00a0 \u00a0 \u00a0 \u00a0 \u00a0 \u00a0 \u00a0 \u00a0 \u00a0 \u00a0 &hellip; <\/p>\n<p class=\"link-more\"><a href=\"https:\/\/gupea.ufpr.br\/?page_id=240\" class=\"more-link\">Continue lendo<span class=\"screen-reader-text\"> &#8220;Discentes Stricto Sensu&#8221;<\/span><\/a><\/p>\n","protected":false},"author":1,"featured_media":0,"parent":0,"menu_order":0,"comment_status":"closed","ping_status":"closed","template":"","meta":{"footnotes":""},"class_list":["post-240","page","type-page","status-publish","hentry"],"_links":{"self":[{"href":"https:\/\/gupea.ufpr.br\/index.php?rest_route=\/wp\/v2\/pages\/240","targetHints":{"allow":["GET"]}}],"collection":[{"href":"https:\/\/gupea.ufpr.br\/index.php?rest_route=\/wp\/v2\/pages"}],"about":[{"href":"https:\/\/gupea.ufpr.br\/index.php?rest_route=\/wp\/v2\/types\/page"}],"author":[{"embeddable":true,"href":"https:\/\/gupea.ufpr.br\/index.php?rest_route=\/wp\/v2\/users\/1"}],"replies":[{"embeddable":true,"href":"https:\/\/gupea.ufpr.br\/index.php?rest_route=%2Fwp%2Fv2%2Fcomments&post=240"}],"version-history":[{"count":17,"href":"https:\/\/gupea.ufpr.br\/index.php?rest_route=\/wp\/v2\/pages\/240\/revisions"}],"predecessor-version":[{"id":759,"href":"https:\/\/gupea.ufpr.br\/index.php?rest_route=\/wp\/v2\/pages\/240\/revisions\/759"}],"wp:attachment":[{"href":"https:\/\/gupea.ufpr.br\/index.php?rest_route=%2Fwp%2Fv2%2Fmedia&parent=240"}],"curies":[{"name":"wp","href":"https:\/\/api.w.org\/{rel}","templated":true}]}}