{"id":438,"date":"2019-03-13T22:03:48","date_gmt":"2019-03-14T01:03:48","guid":{"rendered":"https:\/\/gupea.ufpr.br\/?page_id=438"},"modified":"2019-03-13T23:35:00","modified_gmt":"2019-03-14T02:35:00","slug":"qfa-regiao-sul","status":"publish","type":"page","link":"https:\/\/gupea.ufpr.br\/?page_id=438","title":{"rendered":"QFA Regi\u00e3o Sul"},"content":{"rendered":"<p style=\"text-align: right;\"><a href=\"https:\/\/gupea.ufpr.br\/?page_id=442\">Intranet Projeto<\/a><\/p>\n<hr \/>\n<p style=\"text-align: left;\">O projeto QFA Regi\u00e3o Sul tem como objetivo desenvolver question\u00e1rios de frequencia alimentar espec\u00edficos para a Regi\u00e3o Sul do Brasil, a fim de explorar e obter dados de consumo alimentar dessa popula\u00e7\u00e3o e possibilitar estudos que relacionem dieta e condi\u00e7\u00f5es de sa\u00fade de maneira mais fidedigna.<\/p>\n<p>Como produto do projeto espera-se desenvolver e validar question\u00e1rios para as faixas et\u00e1rias de crian\u00e7as, adolescentes e adultos. Uma parceria entre as seguintes Universidades:<\/p>\n<p><img loading=\"lazy\" decoding=\"async\" class=\"alignnone wp-image-445\" src=\"https:\/\/gupea.ufpr.br\/wp-content\/uploads\/2019\/03\/ufpr_logo-300x201-300x201.jpg\" alt=\"\" width=\"155\" height=\"104\" \/>\u00a0 \u00a0 \u00a0 \u00a0\u00a0<img loading=\"lazy\" decoding=\"async\" class=\"alignnone size-thumbnail wp-image-446\" src=\"https:\/\/gupea.ufpr.br\/wp-content\/uploads\/2019\/03\/univali-150x150.png\" alt=\"\" width=\"150\" height=\"150\" srcset=\"https:\/\/gupea.ufpr.br\/wp-content\/uploads\/2019\/03\/univali-150x150.png 150w, https:\/\/gupea.ufpr.br\/wp-content\/uploads\/2019\/03\/univali-100x100.png 100w\" sizes=\"auto, (max-width: 150px) 100vw, 150px\" \/>\u00a0 \u00a0 \u00a0\u00a0<img loading=\"lazy\" decoding=\"async\" class=\"alignnone size-thumbnail wp-image-447\" src=\"https:\/\/gupea.ufpr.br\/wp-content\/uploads\/2019\/03\/ufpel-150x150.jpg\" alt=\"\" width=\"150\" height=\"150\" srcset=\"https:\/\/gupea.ufpr.br\/wp-content\/uploads\/2019\/03\/ufpel-150x150.jpg 150w, https:\/\/gupea.ufpr.br\/wp-content\/uploads\/2019\/03\/ufpel-100x100.jpg 100w\" sizes=\"auto, (max-width: 150px) 100vw, 150px\" \/><\/p>\n<p>&nbsp;<\/p>\n<p>Coordena\u00e7\u00e3o geral e UFPR: Prof. Dra. Sandra Patricia Crispim<\/p>\n<p>Coordena\u00e7\u00e3o UNIVALI: Prof. Dra. Tatiana Mezadri<\/p>\n<p>Coordenadora UFPEL: Prof. Dra. Juliana Vaz<\/p>\n<p>Membros da equipe: Giovana Regina Ferreira, Dayane Brandes,\u00a0Edilaine Ferrette Xavier da Silva<\/p>\n<p>&nbsp;<\/p>\n<p>&nbsp;<\/p>\n","protected":false},"excerpt":{"rendered":"<p>Intranet Projeto O projeto QFA Regi\u00e3o Sul tem como objetivo desenvolver question\u00e1rios de frequencia alimentar espec\u00edficos para a Regi\u00e3o Sul do Brasil, a fim de explorar e obter dados de consumo alimentar dessa popula\u00e7\u00e3o e possibilitar estudos que relacionem dieta e condi\u00e7\u00f5es de sa\u00fade de maneira mais fidedigna. Como produto do projeto espera-se desenvolver e &hellip; <\/p>\n<p class=\"link-more\"><a href=\"https:\/\/gupea.ufpr.br\/?page_id=438\" class=\"more-link\">Continue lendo<span class=\"screen-reader-text\"> &#8220;QFA Regi\u00e3o Sul&#8221;<\/span><\/a><\/p>\n","protected":false},"author":1,"featured_media":0,"parent":0,"menu_order":0,"comment_status":"closed","ping_status":"closed","template":"","meta":{"footnotes":""},"class_list":["post-438","page","type-page","status-publish","hentry"],"_links":{"self":[{"href":"https:\/\/gupea.ufpr.br\/index.php?rest_route=\/wp\/v2\/pages\/438","targetHints":{"allow":["GET"]}}],"collection":[{"href":"https:\/\/gupea.ufpr.br\/index.php?rest_route=\/wp\/v2\/pages"}],"about":[{"href":"https:\/\/gupea.ufpr.br\/index.php?rest_route=\/wp\/v2\/types\/page"}],"author":[{"embeddable":true,"href":"https:\/\/gupea.ufpr.br\/index.php?rest_route=\/wp\/v2\/users\/1"}],"replies":[{"embeddable":true,"href":"https:\/\/gupea.ufpr.br\/index.php?rest_route=%2Fwp%2Fv2%2Fcomments&post=438"}],"version-history":[{"count":7,"href":"https:\/\/gupea.ufpr.br\/index.php?rest_route=\/wp\/v2\/pages\/438\/revisions"}],"predecessor-version":[{"id":474,"href":"https:\/\/gupea.ufpr.br\/index.php?rest_route=\/wp\/v2\/pages\/438\/revisions\/474"}],"wp:attachment":[{"href":"https:\/\/gupea.ufpr.br\/index.php?rest_route=%2Fwp%2Fv2%2Fmedia&parent=438"}],"curies":[{"name":"wp","href":"https:\/\/api.w.org\/{rel}","templated":true}]}}