{"id":578,"date":"2019-05-11T23:18:40","date_gmt":"2019-05-12T02:18:40","guid":{"rendered":"https:\/\/gupea.ufpr.br\/?page_id=578"},"modified":"2019-05-11T23:18:40","modified_gmt":"2019-05-12T02:18:40","slug":"projeto-id-alimentar","status":"publish","type":"page","link":"https:\/\/gupea.ufpr.br\/?page_id=578","title":{"rendered":"Projeto ID Alimentar"},"content":{"rendered":"<p>Em perspectiva da classifica\u00e7\u00e3o NOVA proposta no Guia Alimentar para a popula\u00e7\u00e3o brasileira (2014), em que o tipo, a extens\u00e3o e o prop\u00f3sito do processamento industrial dos alimentos \u00e9 considerado, a falta de detalhamento na descri\u00e7\u00e3o dos alimentos e prepara\u00e7\u00f5es culin\u00e1rias pode influenciar ainda mais as escolhas dos profissionais que se prop\u00f5em avaliar o consumo desses agrupamentos de alimentos com as condi\u00e7\u00f5es de sa\u00fade da popula\u00e7\u00e3o. Nesse sentido, o presente projeto objetiva identificar, padronizar e classificar o consumo alimentar nas diversas regi\u00f5es do Brasil, e relacion\u00e1-los com o estado nutricional da popula\u00e7\u00e3o brasileira.<\/p>\n<p>&nbsp;<\/p>\n","protected":false},"excerpt":{"rendered":"<p>Em perspectiva da classifica\u00e7\u00e3o NOVA proposta no Guia Alimentar para a popula\u00e7\u00e3o brasileira (2014), em que o tipo, a extens\u00e3o e o prop\u00f3sito do processamento industrial dos alimentos \u00e9 considerado, a falta de detalhamento na descri\u00e7\u00e3o dos alimentos e prepara\u00e7\u00f5es culin\u00e1rias pode influenciar ainda mais as escolhas dos profissionais que se prop\u00f5em avaliar o consumo &hellip; <\/p>\n<p class=\"link-more\"><a href=\"https:\/\/gupea.ufpr.br\/?page_id=578\" class=\"more-link\">Continue lendo<span class=\"screen-reader-text\"> &#8220;Projeto ID Alimentar&#8221;<\/span><\/a><\/p>\n","protected":false},"author":1,"featured_media":0,"parent":0,"menu_order":0,"comment_status":"closed","ping_status":"closed","template":"","meta":{"footnotes":""},"class_list":["post-578","page","type-page","status-publish","hentry"],"_links":{"self":[{"href":"https:\/\/gupea.ufpr.br\/index.php?rest_route=\/wp\/v2\/pages\/578","targetHints":{"allow":["GET"]}}],"collection":[{"href":"https:\/\/gupea.ufpr.br\/index.php?rest_route=\/wp\/v2\/pages"}],"about":[{"href":"https:\/\/gupea.ufpr.br\/index.php?rest_route=\/wp\/v2\/types\/page"}],"author":[{"embeddable":true,"href":"https:\/\/gupea.ufpr.br\/index.php?rest_route=\/wp\/v2\/users\/1"}],"replies":[{"embeddable":true,"href":"https:\/\/gupea.ufpr.br\/index.php?rest_route=%2Fwp%2Fv2%2Fcomments&post=578"}],"version-history":[{"count":1,"href":"https:\/\/gupea.ufpr.br\/index.php?rest_route=\/wp\/v2\/pages\/578\/revisions"}],"predecessor-version":[{"id":579,"href":"https:\/\/gupea.ufpr.br\/index.php?rest_route=\/wp\/v2\/pages\/578\/revisions\/579"}],"wp:attachment":[{"href":"https:\/\/gupea.ufpr.br\/index.php?rest_route=%2Fwp%2Fv2%2Fmedia&parent=578"}],"curies":[{"name":"wp","href":"https:\/\/api.w.org\/{rel}","templated":true}]}}