{"id":839,"date":"2022-06-24T14:06:03","date_gmt":"2022-06-24T17:06:03","guid":{"rendered":"https:\/\/gupea.ufpr.br\/?page_id=839"},"modified":"2022-07-05T17:26:23","modified_gmt":"2022-07-05T20:26:23","slug":"projeto-fao-caribe-skn","status":"publish","type":"page","link":"https:\/\/gupea.ufpr.br\/?page_id=839","title":{"rendered":"Projeto FAO Caribe SKN"},"content":{"rendered":"<p>Parceria que visa contribuir na melhora das capacidades dos governos e partes interessadas em monitorar tend\u00eancias e analisar indicadores de seguran\u00e7a alimentar e nutricional; al\u00e9m de\u00a0contribuir para o diagn\u00f3stico e o monitoramento de pol\u00edticas p\u00fablicas em toda Am\u00e9rica Latina.<\/p>\n","protected":false},"excerpt":{"rendered":"<p>Parceria que visa contribuir na melhora das capacidades dos governos e partes interessadas em monitorar tend\u00eancias e analisar indicadores de seguran\u00e7a alimentar e nutricional; al\u00e9m de\u00a0contribuir para o diagn\u00f3stico e o monitoramento de pol\u00edticas p\u00fablicas em toda Am\u00e9rica Latina.<\/p>\n","protected":false},"author":1,"featured_media":0,"parent":0,"menu_order":0,"comment_status":"closed","ping_status":"closed","template":"","meta":{"footnotes":""},"class_list":["post-839","page","type-page","status-publish","hentry"],"_links":{"self":[{"href":"https:\/\/gupea.ufpr.br\/index.php?rest_route=\/wp\/v2\/pages\/839","targetHints":{"allow":["GET"]}}],"collection":[{"href":"https:\/\/gupea.ufpr.br\/index.php?rest_route=\/wp\/v2\/pages"}],"about":[{"href":"https:\/\/gupea.ufpr.br\/index.php?rest_route=\/wp\/v2\/types\/page"}],"author":[{"embeddable":true,"href":"https:\/\/gupea.ufpr.br\/index.php?rest_route=\/wp\/v2\/users\/1"}],"replies":[{"embeddable":true,"href":"https:\/\/gupea.ufpr.br\/index.php?rest_route=%2Fwp%2Fv2%2Fcomments&post=839"}],"version-history":[{"count":2,"href":"https:\/\/gupea.ufpr.br\/index.php?rest_route=\/wp\/v2\/pages\/839\/revisions"}],"predecessor-version":[{"id":864,"href":"https:\/\/gupea.ufpr.br\/index.php?rest_route=\/wp\/v2\/pages\/839\/revisions\/864"}],"wp:attachment":[{"href":"https:\/\/gupea.ufpr.br\/index.php?rest_route=%2Fwp%2Fv2%2Fmedia&parent=839"}],"curies":[{"name":"wp","href":"https:\/\/api.w.org\/{rel}","templated":true}]}}